{"id":244,"date":"2024-01-19T14:59:44","date_gmt":"2024-01-19T13:59:44","guid":{"rendered":"https:\/\/atlanticgroup.it\/condizioni-vendita\/"},"modified":"2024-03-06T17:36:48","modified_gmt":"2024-03-06T16:36:48","slug":"condiciones-generales-de-venta","status":"publish","type":"page","link":"https:\/\/atlanticgroup.it\/es\/condiciones-generales-de-venta\/","title":{"rendered":"Condiciones generales de Venta"},"content":{"rendered":"<div class=\"wpb-content-wrapper\"><p>[vc_row][vc_column][vc_column_text]<\/p>\n<p class=\"p1\"><b>Disposiciones generales<\/b><\/p>\n<p class=\"p2\">Las siguientes Condiciones generales de Venta (\u201cCGV\u201d) regulan todas las ventas y entregas de productos (\u201cProductos\u201d) por parte de Atlantic Man. SRL (\u201cVendedor\u201d) a cada cliente indicado en cualquier pedido recibido por el Vendedor (\u201cComprador\u201d), siempre y cuando el mismo pedido sea aceptado por el Vendedor, al igual que cada pedido sucesivo, suplemento de pedido, y\/o relaci\u00f3n comercial anterior entre las Partes.<\/p>\n<p class=\"p2\">En el detalle, las CGV eliminan y sustituyen todos los acuerdos anteriores entre las Partes, tanto orales como escritos, y prevalen con respecto a los usos o costumbres comerciales eventualmente respetados o aceptados por ambas Partes.<\/p>\n<p class=\"p2\">Cada pedido implica, por derecho, la aceptaci\u00f3n por parte del Comprador de las CGV, con la exclusi\u00f3n de todos los t\u00e9rminos y condiciones generales y\/o detalladas de adquisici\u00f3n del Comprador, con eficacia predominante de las siguientes CGV, salvo acuerdo escrito en contrario entre las partes.<\/p>\n<p class=\"p2\">La renuncia del Vendedor, aunque sea temporal, de los derechos descritos por las cl\u00e1usulas de las CGV no conlleva una renuncia futura a la aplicaci\u00f3n de las disposiciones de las CGV.<\/p>\n<p class=\"p1\"><b>Pedidos y aceptaci\u00f3n<\/b><\/p>\n<p class=\"p2\">El pedido del Comprador vale come propuesta de adquisici\u00f3n irrevocable.<\/p>\n<p class=\"p2\">El contrato de venta se considerar\u00e1 concluso solo con la recepci\u00f3n, por parte del Comprador, del documento de confirmaci\u00f3n de pedido del Vendedor. En detalle, por cada pedido (formal o acordado verbalmente) el Vendedor emite, a su propia discreci\u00f3n y en caso de aceptaci\u00f3n del pedido, el Documento de Confirmaci\u00f3n de Pedido (\u201cCDP\u201d). El Comprador est\u00e1 obligado a suscribir por aceptaci\u00f3n la CDP dentro de 24 horas desde su recepci\u00f3n; en caso contrario la CDP se considerar\u00e1 aceptada t\u00e1citamente y el Vendedor estar\u00e1 autorizado a la entrega, como especificado en la CDP.<\/p>\n<p class=\"p2\">En caso de aceptaci\u00f3n parcial del documento de CDP por parte del Comprador dentro del plazo de tiempo previsto por las CGV, el Vendedor considerar\u00e1 si aceptar o no las modificaciones propuestas por el Comprador y, en caso de aceptaci\u00f3n, emitir\u00e1 una nueva CDP en funci\u00f3n de los nuevos acuerdos tomados con el Comprador.<\/p>\n<p class=\"p2\">La no retirada de la mercanc\u00eda por parte del Comprador tras la CDP har\u00e1 surgir en favor del Vendedor el derecho a la liquidaci\u00f3n de un importe igual al 100% del valor del material utilizado para el suministro del objeto de la CDP, salvo da\u00f1os mayores.<\/p>\n<p class=\"p2\">De toda forma, las ofertas del Vendedor no se deben considerar vinculantes pare el mismo, sobre todo con respecto a cantidades, precios, y condiciones de entrega, como se habla de documentos sujetos a negociaci\u00f3n subsiguiente.<\/p>\n<p class=\"p2\">Queda entendido entre las partes que adiciones o modificaciones del pedido, aunque sean a trav\u00e9s de agentes del Vendedor, no ser\u00e1n vinculantes para el mismo, que las podr\u00e1 aceptar o rechazar sin prejuicio para el pedido original.<\/p>\n<p class=\"p2\">De toda forma, tambi\u00e9n despu\u00e9s de la confirmaci\u00f3n del pedido, el Vendedor tiene la posibilidad de rescindir el contrato en caso de que reciba informaci\u00f3n comercial sobre el Comprador y\/o su estructura societaria, que \u2013 bajo su juicio incuestionable \u2013 desaconsejen la ejecuci\u00f3n del contrato. Esta cl\u00e1usula no conlleva ning\u00fan derecho a la compensaci\u00f3n del da\u00f1o, o cualquier otra indemnizaci\u00f3n, para el cliente.<\/p>\n<p class=\"p1\"><b>Precios y pago<\/b><\/p>\n<p class=\"p2\">El precio pactado deber\u00e1 ser pagado en funci\u00f3n de las condiciones de venta especificadas en la CDP. Queda entendido entre las partes que el precio expuesto en la CDP no incluye los impuestos accesorios.<\/p>\n<p class=\"p2\">A partir de los plazos concordados para el pago se deber\u00e1n pagar intereses de mora, en el cumplimiento del art\u00edculo n. 5 del Decreto Legislativo 9.10.2002 n. 231.<\/p>\n<p class=\"p2\">Cualquier pago efectuado en favor de agentes del Vendedor no ser\u00e1n liberadores para el Comprador, con la excepci\u00f3n de una previa autorizaci\u00f3n escrita por el Vendedor.<\/p>\n<p class=\"p2\">En caso de pago retrasado, se aplicar\u00e1n gastos e intereses al tipo deudor bancario vigente.<\/p>\n<p class=\"p2\">La falta total, o de una sola parte del pago conlleva la decadencia del Comprador del beneficio del t\u00e9rmino, y la terminaci\u00f3n de derecho del contrato en cuesti\u00f3n, junto con todos los contratos de venta vigentes entre las partes, en el respeto del art. 1456 del C\u00f3digo Civil. Antes de declarar la voluntad de aplicar la cl\u00e1usula de resoluci\u00f3n, el Vendedor podr\u00e1 en todo caso suspender o cancelar las entregas pendientes, tambi\u00e9n las que est\u00e1n relacionadas con otros contratos y\/o pedidos en curso con el Comprador.<span class=\"Apple-converted-space\">\u00a0<\/span><\/p>\n<p class=\"p1\"><b>T\u00e9rminos y condiciones de entrega<\/b><\/p>\n<p class=\"p2\">Las condiciones de entrega est\u00e1n indicadas en la CDP y se deben considerar como indicativas y no vinculantes. Es por eso que, en cualquier caso, no surge ning\u00fan derecho a la eliminaci\u00f3n del pedido y\/o a cualquier indemnizaci\u00f3n en favor del Comprador.<\/p>\n<p class=\"p2\">La mercanc\u00eda viaja bajo la responsabilidad del cliente\/Comprador, aunque los gastos est\u00e9n a cargo del Vendedor.<\/p>\n<p class=\"p2\">El Vendedor tiene el derecho de efectuar entregas parciales, seg\u00fan l\u00f3gica.<\/p>\n<p class=\"p2\">Las condiciones de restituci\u00f3n de la mercanc\u00eda ser\u00e1n solamente las que se indican en la CDP.<\/p>\n<p class=\"p2\">Un inter\u00e9s eventual del Vendedor en la b\u00fasqueda del medio de transporte se debe entender solamente como una operaci\u00f3n en favor del Comprador, sin ninguna responsabilidad y\/o coste a cargo del Vendedor.<\/p>\n<p class=\"p1\"><b>Obligaci\u00f3n de inspecci\u00f3n y aceptaci\u00f3n de los productos<\/b><\/p>\n<p class=\"p2\">En el momento de la recepci\u00f3n de los Productos, el Comprador debe verificar la cantidad y el embalaje de los Productos, junto con efectuar un control de conformidad con respecto a lo que se indica en la CDP, ocup\u00e1ndose de registrar cualquier irregularidad en la nota de entrega, durante la fase de descarga, y en presencia del transportador.<\/p>\n<p class=\"p2\">En caso de denuncia de defectos diferentes de lo indicado anteriormente, el Comprador debe respetar los procedimientos y reglas siguientes:<\/p>\n<ol class=\"ol1\">\n<li class=\"li2\">La comunicaci\u00f3n se debe transmitir a trav\u00e9s de carta registrada con acuse de recibo y\/o correo electr\u00f3nico certificado a m\u00e1s tardar 7 (siete) d\u00edas laborables a partir de la recepci\u00f3n de los Productos por parte del Comprador;<\/li>\n<li class=\"li2\">En caso de que est\u00e9 relacionada con un defecto oculto, que no se puede averiguar durante la inspecci\u00f3n inicial, la reclamaci\u00f3n se debe efectuar de toda forma a m\u00e1s tardar 7 (siete) d\u00edas laborables a partir de la fecha de descubrimiento y, en cualquier caso, dentro de un a\u00f1o desde la recepci\u00f3n de los Productos.<\/li>\n<li class=\"li2\">III.La denuncia debe ser detallada e incluir descripci\u00f3n y tipolog\u00eda de los defectos encontrados, su valor, y una comprobaci\u00f3n fotogr\u00e1fica de apoyo;<\/li>\n<li class=\"li2\">IV.El Comprador debe estar disponible a aprobar cualquier verifica e inspecci\u00f3n necesaria por parte del Vendedor, con referencia a los productos objeto de impugnaci\u00f3n; el Vendedor efectuar\u00e1 directamente la inspecci\u00f3n o escoger\u00e1 un perito que la haga en su nombre.<\/li>\n<\/ol>\n<p class=\"p2\">La responsabilidad del Vendedor en materia de vicios eventuales y\/o defectos en los productos, si son denunciados en el respeto de los plazos y comprobados \u00ednter partes, se limita exclusivamente a la sustituci\u00f3n gratuita del material defectuoso, excluyendo cualquier indemnizaci\u00f3n de da\u00f1os directos y\/o indirectos sufridos por el Comprador. Adem\u00e1s, no se autoriza de ninguna manera el Comprador a suspender el pago de las facturas pendientes.<\/p>\n<p class=\"p2\">El Vendedor no est\u00e1 obligado a aceptar restituciones de los productos, salvo acuerdo escrito en contrario. Con la restituci\u00f3n efectuada por el Comprador sin una autorizaci\u00f3n precedente escrita del Vendedor no surgir\u00e1 ning\u00fan derecho a la emisi\u00f3n de notas de cr\u00e9ditos y\/o devoluciones de dinero; en todo caso los gastos estar\u00e1n a cargo exclusivo del Comprador.<\/p>\n<p class=\"p1\"><b>Garant\u00eda<\/b><\/p>\n<p class=\"p2\">El Vendedor garantiza que los Productos est\u00e1n libres de defectos, y cumplen con las fichas t\u00e9cnicas de referencia que se pueden encontrar en los cat\u00e1logos en vigor a la fecha de emisi\u00f3n de la CDP, y disponibles en su \u00faltima edici\u00f3n en la p\u00e1gina web del Vendedor (<a href=\"https:\/\/atlanticgroup.it\/es\/\"><span class=\"s1\">https:\/\/atlanticgroup.it<\/span><\/a>). Los cat\u00e1logos podr\u00e1n ser modificados sin comunicaci\u00f3n previa por parte del Vendedor.<\/p>\n<p class=\"p2\">El Vendedor no est\u00e1 obligado a aceptar reclamaciones del Comprador con respecto a faltas de conformidad del Producto en funci\u00f3n de fichas y\/o cat\u00e1logos obsoletos, con respecto a lo que est\u00e1 disponible en la p\u00e1gina web <a href=\"https:\/\/atlanticgroup.it\/es\/\"><span class=\"s1\">https:\/\/atlanticgroup.it<\/span><\/a>.<\/p>\n<p class=\"p2\">La garant\u00eda vale solo para los Productos utilizados en un entorno apropiado y para aplicaciones conformes con las caracter\u00edsticas declaradas por el Vendedor; cualquier uso inadecuado y\/o equivocado, m\u00e9todo de almacenamiento y\/o mantenimiento incorrecto o inapropiado, se debe considerar prohibido y excluye cualquier garant\u00eda del Vendedor.<\/p>\n<p class=\"p2\">La eventual modificaci\u00f3n y\/o sustituci\u00f3n de partes de producto no autorizada por el Vendedor libera este \u00faltimo de responsabilidades civiles y\/o penales, conllevando autom\u00e1ticamente la expiraci\u00f3n de cualquier forma de garant\u00eda.<\/p>\n<p class=\"p2\">La duraci\u00f3n de la garant\u00eda, salvo acuerdo en contrario especificado en la CDP, es de 12 meses a partir de la fecha de instalaci\u00f3n y\/o de emisi\u00f3n de la factura, en caso de que no se pueda obtener una fecha de instalaci\u00f3n precisa.<\/p>\n<p class=\"p1\"><b>Limitaciones de responsabilidad<\/b><\/p>\n<p class=\"p2\">Los cat\u00e1logos, las listas de precios u otro material promocional del Vendedor no son vinculantes para \u00e9l mismo, ya que s\u00f3lo indican la tipolog\u00eda de producto y de precio y es por eso que el Vendedor no puede asumir responsabilidades para errores u omisiones eventuales.<\/p>\n<p class=\"p2\">En caso de comprobada responsabilidad del Vendedor con referencia a los productos, en funci\u00f3n de estas CGV, las pretensiones del Comprador ser\u00e1n, en todo caso, limitadas en su valor m\u00e1ximo al valor total de los productos objeto de la reclamaci\u00f3n, y indicados en la CDP.<\/p>\n<p class=\"p1\"><b>Propiedad intelectual<\/b><\/p>\n<p class=\"p2\">El Comprador reconoce expresamente que marcas, nombres comerciales, u otras caracter\u00edsticas que distinguen los productos son de propiedad exclusiva del Vendedor, y no pueden ser manipulados, modificados, removidos y\/o eliminados de ninguna manera.<\/p>\n<p class=\"p2\">El Vendedor ha limitado el derecho de uso de marca, nombre y\/o cualquier otra caracter\u00edstica distintiva del Producto con el s\u00f3lo objetivo de vender y comercializar la mercanc\u00eda al p\u00fablico. De toda forma quedar\u00e1 en cualquier caso la autorizaci\u00f3n escrita previamente por el Vendedor por cada forma de uso de marca, nombre o caracter\u00edstica distintiva del Producto, que siempre ser\u00e1 propiedad exclusiva del Vendedor.<\/p>\n<p class=\"p2\">Documentos, dise\u00f1os, informaci\u00f3n, y\/o datos relacionados con el uso y el know-how del Producto objeto del pedido (tanto en papel, como de forma electr\u00f3nica) entregados eventualmente al Comprador, seguir\u00e1n siendo propiedad exclusiva del Vendedor y, a\u00fan siendo un soporte para la mejor representaci\u00f3n del Producto, deber\u00e1n ser destinados \u00fanicamente al Comprador, y considerados como que contengan informaci\u00f3n meramente indicativa sobre las prestaciones del mismo Producto.<\/p>\n<p class=\"p2\">El Comprador se compromete a no reproducir lo que el Vendedor le entrega y transmite relativamente al Producto, y a no divulgar dicho material y\/o informaci\u00f3n a terceros, as\u00ed como a adoptar todas las precauciones oportunas con respecto a su personal encargado, con el fin de garantizar y proteger todos los derechos de propiedad intelectual del Vendedor y todos los derechos de confidencialidad del material y de la informaci\u00f3n transmitida.<\/p>\n<p class=\"p1\"><b>Ley aplicable y tribunal competente<\/b><\/p>\n<p class=\"p2\">Para cualquier disputa procedente de la venta o relacionada con la misma ser\u00e1 competente solamente el Tribunal y la Autoridad Judicial de Reggio Emilia, y la ley reconocida ser\u00e1 exclusivamente la Ley Italiana, aunque el pago sea efectuado con tramos o t\u00edtulos, y tambi\u00e9n en caso de que el lugar de firma o emisi\u00f3n del pedido, o del contrato, sea diferente con respecto a la sede del Vendedor.<\/p>\n<p class=\"p1\"><b>Modificaci\u00f3n de las condiciones<\/b><\/p>\n<p class=\"p2\">El Vendedor tiene el derecho de modificar, integrar, o cambiar las CGV, adjuntando dichas variaciones a las ofertas, o sea a cualquier correspondencia escrita que se env\u00ede al Comprador.<span class=\"Apple-converted-space\">\u00a0<\/span><\/p>\n<p>[\/vc_column_text][\/vc_column][\/vc_row]<\/p>\n<\/div>","protected":false},"excerpt":{"rendered":"<p>[vc_row][vc_column][vc_column_text] Disposiciones generales Las siguientes Condiciones generales de Venta (\u201cCGV\u201d) regulan todas las ventas y entregas de productos (\u201cProductos\u201d) por parte de Atlantic Man. SRL (\u201cVendedor\u201d)<span class=\"excerpt-hellip\"> [\u2026]<\/span><\/p>\n","protected":false},"author":1,"featured_media":0,"parent":0,"menu_order":0,"comment_status":"closed","ping_status":"closed","template":"","meta":{"footnotes":""},"class_list":["post-244","page","type-page","status-publish","hentry"],"_links":{"self":[{"href":"https:\/\/atlanticgroup.it\/es\/wp-json\/wp\/v2\/pages\/244","targetHints":{"allow":["GET"]}}],"collection":[{"href":"https:\/\/atlanticgroup.it\/es\/wp-json\/wp\/v2\/pages"}],"about":[{"href":"https:\/\/atlanticgroup.it\/es\/wp-json\/wp\/v2\/types\/page"}],"author":[{"embeddable":true,"href":"https:\/\/atlanticgroup.it\/es\/wp-json\/wp\/v2\/users\/1"}],"replies":[{"embeddable":true,"href":"https:\/\/atlanticgroup.it\/es\/wp-json\/wp\/v2\/comments?post=244"}],"version-history":[{"count":3,"href":"https:\/\/atlanticgroup.it\/es\/wp-json\/wp\/v2\/pages\/244\/revisions"}],"predecessor-version":[{"id":247,"href":"https:\/\/atlanticgroup.it\/es\/wp-json\/wp\/v2\/pages\/244\/revisions\/247"}],"wp:attachment":[{"href":"https:\/\/atlanticgroup.it\/es\/wp-json\/wp\/v2\/media?parent=244"}],"curies":[{"name":"wp","href":"https:\/\/api.w.org\/{rel}","templated":true}]}}