{"id":275,"date":"2023-11-09T10:07:47","date_gmt":"2023-11-09T09:07:47","guid":{"rendered":"https:\/\/atlanticgroup.it\/recycling\/"},"modified":"2024-03-07T09:49:55","modified_gmt":"2024-03-07T08:49:55","slug":"recycling","status":"publish","type":"page","link":"https:\/\/atlanticgroup.it\/es\/recycling\/","title":{"rendered":"Recycling"},"content":{"rendered":"<div class=\"wpb-content-wrapper\"><p>[vc_row][vc_column][vc_column_text]<\/p>\n<h1 style=\"text-align: center;\">Instrucciones para la eliminaci\u00f3n y el reciclaje<\/h1>\n<p class=\"p1\">Gracias por haber escogido nuestros productos. Para una gesti\u00f3n medioambiental consciente, les ense\u00f1amos las indicaciones para eliminaci\u00f3n y reciclaje correctos de nuestros productos.<\/p>\n<p>[\/vc_column_text][\/vc_column][\/vc_row][vc_row][vc_column width=\u00bb1\/2&#8243;][vc_single_image image=\u00bb277&#8243; img_size=\u00bbfull\u00bb alignment=\u00bbcenter\u00bb][\/vc_column][vc_column width=\u00bb1\/2&#8243;][vc_column_text]<\/p>\n<h2 class=\"p1\">Eliminaci\u00f3n y reciclaje de abrazaderas para tubos<\/h2>\n<p class=\"p2\">Al acabarse del ciclo de vida del producto, el consejo es de removerlo de su entera aplicaci\u00f3n, llevando todas las partes en acero un centro de recogida especializado, como fundiciones y centros de demolici\u00f3n. El acero, de hecho, es un material completamente reciclable, y su eliminaci\u00f3n correcta permite optimizar la gesti\u00f3n de los recursos y beneficiar de un retorno econ\u00f3mico considerable.<\/p>\n<p>[\/vc_column_text][\/vc_column][\/vc_row][vc_row][vc_column width=\u00bb1\/2&#8243;][vc_single_image image=\u00bb278&#8243; img_size=\u00bbfull\u00bb alignment=\u00bbcenter\u00bb][\/vc_column][vc_column width=\u00bb1\/2&#8243;][vc_column_text]<\/p>\n<h2 class=\"p1\">Eliminaci\u00f3n y reciclaje de sistemas para invernaderos y viveros<\/h2>\n<p class=\"p2\">Al acabarse del ciclo de vida del producto, les invitamos a contactarnos para poder evaluar el sistema:<\/p>\n<ul class=\"ul1\">\n<li class=\"li2\">En caso de que sea todav\u00eda funcionante y seguro para el operador, nos comprometemos para destinarlo a los Pa\u00edses en V\u00edas de Desarrollo.<\/li>\n<li class=\"li2\">En caso de que la m\u00e1quina ya no pueda seguir funcionando, les ofreceremos asistencia t\u00e9cnica para garantizar la correcta eliminaci\u00f3n de las diferentes partes.<\/li>\n<\/ul>\n<p>[\/vc_column_text][\/vc_column][\/vc_row][vc_row][vc_column][vc_column_text]<\/p>\n<h2>Eliminaci\u00f3n y reciclaje de embalajes<\/h2>\n<p>[\/vc_column_text][vc_single_image image=\u00bb288&#8243; img_size=\u00bbfull\u00bb alignment=\u00bbcenter\u00bb css=\u00bb.vc_custom_1709801391304{margin-bottom: 0px !important;}\u00bb][vc_column_text]<\/p>\n<h5 class=\"p1\">Les rogamos que respecten en cada detalle los procedimientos indicados para garantizar una eliminaci\u00f3n segura en el respeto del medioambiente.<\/h5>\n<p>[\/vc_column_text][\/vc_column][\/vc_row]<\/p>\n<\/div>","protected":false},"excerpt":{"rendered":"<p>[vc_row][vc_column][vc_column_text] Instrucciones para la eliminaci\u00f3n y el reciclaje Gracias por haber escogido nuestros productos. Para una gesti\u00f3n medioambiental consciente, les ense\u00f1amos las indicaciones para eliminaci\u00f3n y<span class=\"excerpt-hellip\"> [\u2026]<\/span><\/p>\n","protected":false},"author":1,"featured_media":0,"parent":0,"menu_order":0,"comment_status":"closed","ping_status":"closed","template":"","meta":{"footnotes":""},"class_list":["post-275","page","type-page","status-publish","hentry"],"_links":{"self":[{"href":"https:\/\/atlanticgroup.it\/es\/wp-json\/wp\/v2\/pages\/275","targetHints":{"allow":["GET"]}}],"collection":[{"href":"https:\/\/atlanticgroup.it\/es\/wp-json\/wp\/v2\/pages"}],"about":[{"href":"https:\/\/atlanticgroup.it\/es\/wp-json\/wp\/v2\/types\/page"}],"author":[{"embeddable":true,"href":"https:\/\/atlanticgroup.it\/es\/wp-json\/wp\/v2\/users\/1"}],"replies":[{"embeddable":true,"href":"https:\/\/atlanticgroup.it\/es\/wp-json\/wp\/v2\/comments?post=275"}],"version-history":[{"count":5,"href":"https:\/\/atlanticgroup.it\/es\/wp-json\/wp\/v2\/pages\/275\/revisions"}],"predecessor-version":[{"id":292,"href":"https:\/\/atlanticgroup.it\/es\/wp-json\/wp\/v2\/pages\/275\/revisions\/292"}],"wp:attachment":[{"href":"https:\/\/atlanticgroup.it\/es\/wp-json\/wp\/v2\/media?parent=275"}],"curies":[{"name":"wp","href":"https:\/\/api.w.org\/{rel}","templated":true}]}}