{"id":169,"date":"2024-01-19T14:59:44","date_gmt":"2024-01-19T13:59:44","guid":{"rendered":"https:\/\/atlanticgroup.it\/condizioni-vendita\/"},"modified":"2024-01-19T15:49:54","modified_gmt":"2024-01-19T14:49:54","slug":"conditions-generales-de-vente","status":"publish","type":"page","link":"https:\/\/atlanticgroup.it\/fr\/conditions-generales-de-vente\/","title":{"rendered":"Conditions G\u00e9n\u00e9rales de Vente"},"content":{"rendered":"<div class=\"wpb-content-wrapper\"><p>[vc_row][vc_column][vc_column_text]<\/p>\n<p class=\"p1\"><b>Dispositions g\u00e9n\u00e9rales<\/b><\/p>\n<p class=\"p2\">Les pr\u00e9sentes Conditions G\u00e9n\u00e9rales de Vente (\u00ab\u00a0CGV\u00a0\u00bb) r\u00e9gissent toutes les ventes et livraisons des produits (\u00ab\u00a0Produits\u00a0\u00bb) par Atlantic Man. SRL (\u00ab\u00a0Vendeur\u00a0\u00bb) \u00e0 chaque client indiqu\u00e9 dans chaque commande de produits re\u00e7ue par le Vendeur (\u00ab\u00a0Acheteur\u00a0\u00bb), \u00e0 condition que la commande soit accept\u00e9e par le Vendeur, ainsi que pour toute commande ult\u00e9rieure et\/ou compl\u00e9ment de commande et\/ou relation commerciale pass\u00e9e entre les Parties.<\/p>\n<p class=\"p2\">En particulier, ces CGV annulent et remplacent tout accord ant\u00e9rieur entre les Parties, qu&rsquo;il soit oral ou \u00e9crit, et pr\u00e9valent sur tout usage ou coutume commerciale \u00e9ventuellement suivi ou accept\u00e9 par les Parties.<\/p>\n<p class=\"p2\">Toute commande implique, de plein droit, l&rsquo;acceptation par l&rsquo;Acheteur de ces CGV, excluant toute condition g\u00e9n\u00e9rale et\/ou particuli\u00e8re d&rsquo;achat de l&rsquo;Acheteur et l&rsquo;efficacit\u00e9 pr\u00e9dominante de ces CGV, sauf accord \u00e9crit contraire entre les Parties.<\/p>\n<p class=\"p2\">La renonciation, m\u00eame temporaire, par le Vendeur aux droits \u00e9nonc\u00e9s dans les clauses des pr\u00e9sentes CGV n&rsquo;entra\u00eene pas la renonciation future \u00e0 l&rsquo;application et\/ou \u00e0 la validit\u00e9 des dispositions des CGV.<\/p>\n<p class=\"p1\"><b>Commandes et acceptation<\/b><\/p>\n<p class=\"p2\">La commande de l&rsquo;Acheteur vaut comme offre d&rsquo;achat irr\u00e9vocable.<\/p>\n<p class=\"p2\">Le contrat de vente sera r\u00e9put\u00e9 conclu seulement \u00e0 r\u00e9ception par l&rsquo;Acheteur du document de confirmation de commande du Vendeur. En particulier, pour chaque commande (formelle ou n\u00e9goci\u00e9e verbalement), le Vendeur \u00e9mettra, \u00e0 sa discr\u00e9tion et en cas d&rsquo;acceptation de la commande, le Document de Confirmation de Commande (\u00ab\u00a0DCC\u00a0\u00bb). L&rsquo;Acheteur est tenu de signer le DCC pour acceptation dans les 24 heures suivant sa r\u00e9ception ; sinon, le DCC sera r\u00e9put\u00e9 tacitement accept\u00e9e et le Vendeur sera autoris\u00e9 \u00e0 la fourniture, comme sp\u00e9cifi\u00e9 dans le DCC.<\/p>\n<p class=\"p2\">En cas d&rsquo;acceptation partielle du DCC par l&rsquo;Acheteur dans les d\u00e9lais de l&rsquo;article pr\u00e9c\u00e9dent, le Vendeur \u00e9valuera s&rsquo;il accepte ou non les modifications propos\u00e9es par l&rsquo;Acheteur et, en cas d&rsquo;approbation, \u00e9mettra un nouveau DCC en fonction des nouveaux accords conclus avec l&rsquo;Acheteur.<\/p>\n<p class=\"p2\">Le non-retrait des marchandises par l&rsquo;Acheteur par suite du DCC donnera au Vendeur le droit de liquider un montant \u00e9quivalent \u00e0 100% de la valeur du mat\u00e9riel utilis\u00e9 pour la fourniture de ce qui fait l&rsquo;objet du DCC, sauf dommages suppl\u00e9mentaires.<\/p>\n<p class=\"p2\">En tout \u00e9tat de cause et en tout cas, les offres du Vendeur ne sont pas contraignantes pour le Vendeur, en particulier en ce qui concerne les quantit\u00e9s, les prix et les d\u00e9lais de livraison, car ce sont des documents sujets \u00e0 n\u00e9gociation ult\u00e9rieure.<\/p>\n<p class=\"p2\">Il est entendu entre les Parties que les ajouts ou modifications apport\u00e9s \u00e0 la commande, m\u00eame par l&rsquo;interm\u00e9diaire d&rsquo;agents du Vendeur, ne lieront pas le Vendeur lui-m\u00eame, qui peut les accepter ou les refuser sans pr\u00e9judice de la commande initiale.<\/p>\n<p class=\"p2\">En tout \u00e9tat de cause et m\u00eame apr\u00e8s la confirmation de la commande, le Vendeur se r\u00e9serve le droit de r\u00e9silier le contrat si des informations commerciales sur le nom de l&rsquo;Acheteur et\/ou sur sa structure sociale parviennent au Vendeur, qui &#8211; \u00e0 son enti\u00e8re discr\u00e9tion &#8211; d\u00e9conseillent l&rsquo;ex\u00e9cution du contrat. L&rsquo;exercice de cette facult\u00e9 ne conf\u00e8re aucun droit \u00e0 l&rsquo;acheteur \u00e0 une indemnisation ou autre.<\/p>\n<p class=\"p1\"><b>Prix et paiements<\/b><\/p>\n<p class=\"p2\">Le prix convenu doit \u00eatre pay\u00e9 selon les modalit\u00e9s et les d\u00e9lais convenus dans le DCC.<\/p>\n<p class=\"p2\">Il est entendu entre les Parties que le prix objet du DCC doit \u00eatre consid\u00e9r\u00e9 hors taxes suppl\u00e9mentaires.<\/p>\n<p class=\"p2\">Des int\u00e9r\u00eats de retard conform\u00e9ment au d\u00e9cret l\u00e9gislatif du 09.10.2002 n\u00b0 231 seront dus aux \u00e9ch\u00e9ances convenues pour les paiements, tels que pr\u00e9vus \u00e0 l&rsquo;art. 5 et avec une date de d\u00e9part conform\u00e9ment \u00e0 l&rsquo;art. 4 du m\u00eame d\u00e9cret.<\/p>\n<p class=\"p2\">Les paiements effectu\u00e9s aux agents du Vendeur ne seront pas lib\u00e9ratoires pour l&rsquo;Acheteur, sauf autorisation \u00e9crite pr\u00e9alable du Vendeur.<\/p>\n<p class=\"p2\">En cas de retard de paiement, des frais et des int\u00e9r\u00eats au taux bancaire d\u00e9biteur en vigueur seront appliqu\u00e9s.<\/p>\n<p class=\"p2\">Le d\u00e9faut et\/ou le paiement partiel m\u00eame d&rsquo;une seule \u00e9ch\u00e9ance entra\u00eene la d\u00e9ch\u00e9ance de l&rsquo;Acheteur du b\u00e9n\u00e9fice du terme et la r\u00e9siliation de plein droit du contrat et de tout contrat de vente en cours entre les Parties en vertu de l&rsquo;art. 1456 du Code Civil. Avant de d\u00e9clarer l&rsquo;intention de se pr\u00e9valoir de cette clause r\u00e9solutoire, le Vendeur peut, en tout cas, suspendre et\/ou annuler les livraisons non encore effectu\u00e9es, y compris celles relatives \u00e0 d&rsquo;autres contrats et\/ou commandes en cours avec l&rsquo;Acheteur.<\/p>\n<p class=\"p1\"><b>Termes et conditions de livraison<\/b><\/p>\n<p class=\"p2\">Les d\u00e9lais de livraison seront ceux indiqu\u00e9s dans le DCC et seront consid\u00e9r\u00e9s comme indicatifs et non contraignants, de sorte qu&rsquo;en tout cas, l&rsquo;Acheteur n&rsquo;aura aucun droit \u00e0 l&rsquo;annulation de la commande et\/ou \u00e0 une indemnisation quelconque.<\/p>\n<p class=\"p2\">Les marchandises voyagent aux risques et p\u00e9rils de l\u2019Acheteur m\u00eame si elles sont vendues franco-destination.<\/p>\n<p class=\"p2\">Le Vendeur se r\u00e9serve le droit d&rsquo;effectuer des livraisons partielles de mani\u00e8re raisonnable.<\/p>\n<p class=\"p2\">Les conditions de retour des marchandises seront exclusivement celles \u00e9tablies dans le DCC.<\/p>\n<p class=\"p2\">L&rsquo;\u00e9ventuelle participation du Vendeur \u00e0 la recherche du moyen de transport doit \u00eatre comprise comme effectu\u00e9e pour le compte et dans l&rsquo;int\u00e9r\u00eat de l&rsquo;Acheteur, sans aucune responsabilit\u00e9 et\/ou co\u00fbt pour le Vendeur.<\/p>\n<p class=\"p1\"><b>Devoir d&rsquo;inspection et acceptation des produits<\/b><\/p>\n<p class=\"p2\">Au moment de la prise en charge des Produits, l&rsquo;Acheteur doit v\u00e9rifier les quantit\u00e9s et l&#8217;emballage des Produits et effectuer un contr\u00f4le de conformit\u00e9 par rapport \u00e0 ce qui est indiqu\u00e9 dans le DCC, en veillant \u00e0 enregistrer toute non-conformit\u00e9 dans le bon de livraison lors du d\u00e9chargement et en pr\u00e9sence du transporteur.<\/p>\n<p class=\"p2\">En cas de r\u00e9clamation de vices diff\u00e9rents de ceux indiqu\u00e9s \u00e0 l&rsquo;article pr\u00e9c\u00e9dent, l&rsquo;Acheteur doit respecter les proc\u00e9dures et d\u00e9lais suivants :<\/p>\n<p class=\"p3\">I) la notification doit \u00eatre faite par lettre recommand\u00e9e avec accus\u00e9 de r\u00e9ception et\/ou courrier \u00e9lectronique certifi\u00e9 dans les 7 (sept) jours ouvrables \u00e0 compter de la prise en charge des Produits par l&rsquo;Acheteur ;<\/p>\n<p class=\"p3\">II) dans le cas o\u00f9 la contestation concerne un vice cach\u00e9, non perceptible lors de l&rsquo;inspection initiale, la contestation doit n\u00e9anmoins \u00eatre faite dans les 7 (sept) jours ouvrables suivant la d\u00e9couverte et, en tout cas, au plus tard un an apr\u00e8s la prise en charge des Produits ;<\/p>\n<p class=\"p3\">III) la d\u00e9nonciation des vices doit contenir en d\u00e9tail la description et la typologie des d\u00e9fauts, leur montant correspondant et une documentation photographique \u00e0 l&rsquo;appui ;<\/p>\n<p class=\"p3\">IV) l&rsquo;Acheteur se tiendra disponible pour permettre toute v\u00e9rification et inspection n\u00e9cessaire par le Vendeur concernant les produits faisant l&rsquo;objet de la contestation ; cette inspection sera effectu\u00e9e par le Vendeur ou par un expert nomm\u00e9 par ce dernier.<\/p>\n<p class=\"p2\">La responsabilit\u00e9 du Vendeur pour d&rsquo;\u00e9ventuels vices et\/ou d\u00e9fauts des produits, s&rsquo;ils sont signal\u00e9s et constat\u00e9s en contradiction avec le Vendeur, se limite exclusivement au remplacement gratuit du mat\u00e9riau d\u00e9fectueux, excluant toute indemnisation de tout dommage direct et\/ou indirect subi par l&rsquo;Acheteur et n&rsquo;autorisant en aucune mani\u00e8re ce dernier \u00e0 suspendre le paiement des factures du Vendeur.<\/p>\n<p class=\"p2\">Le Vendeur n&rsquo;est pas tenu d&rsquo;accepter les retours de produits, sauf accord \u00e9crit contraire. Le retour effectu\u00e9 par l&rsquo;Acheteur sans autorisation \u00e9crite pr\u00e9alable du Vendeur ne donnera pas \u00e0 l&rsquo;Acheteur le droit de d\u00e9livrer un quelconque avoir et\/ou remboursement; les co\u00fbts \u00e0 cet effet support\u00e9s seront \u00e0 la charge exclusive de l&rsquo;Acheteur.<\/p>\n<p class=\"p1\"><b>Garantie<\/b><\/p>\n<p class=\"p2\">Le Vendeur garantit que les Produits sont exempts de vices et conformes aux fiches techniques du produit disponibles dans les catalogues techniques en vigueur au moment du DCC et disponibles en derni\u00e8re \u00e9dition sur le site du Vendeur (<a href=\"https:\/\/atlanticgroup.it\/fr\"><span class=\"s1\">https:\/\/atlanticgroup.it\/fr<\/span><\/a>), qui peuvent \u00eatre modifi\u00e9s par le Vendeur sans pr\u00e9avis \u00e0 l&rsquo;Acheteur.<\/p>\n<p class=\"p2\">Le Vendeur se r\u00e9serve le droit de ne pas accepter les r\u00e9clamations de l&rsquo;Acheteur concernant les non-conformit\u00e9s du Produit par rapport aux fiches et\/ou catalogues obsol\u00e8tes par rapport \u00e0 ce qui est disponible sur le site <a href=\"https:\/\/atlanticgroup.it\/fr\"><span class=\"s1\">https:\/\/atlanticgroup.it\/fr<\/span><\/a>. <span class=\"Apple-converted-space\">\u00a0<\/span><\/p>\n<p class=\"p2\">La garantie s&rsquo;applique uniquement aux Produits utilis\u00e9s dans un environnement appropri\u00e9 et pour des applications conformes aux sp\u00e9cifications d\u00e9clar\u00e9es par le Vendeur; toute utilisation inappropri\u00e9e et\/ou incorrecte, mode de stockage et\/ou entretien incorrect et\/ou remplacement de parties du produit non autoris\u00e9 par le Vendeur d\u00e9gagera le Vendeur de toute responsabilit\u00e9 civile et\/ou p\u00e9nale, entra\u00eenant automatiquement la renonciation \u00e0 toute forme de garantie.<\/p>\n<p class=\"p2\">La validit\u00e9 temporelle de la garantie, sauf convention contraire dans le DCC, est de 12 mois \u00e0 compter de l&rsquo;installation et\/ou de la facturation en cas d&rsquo;absence d&rsquo;une date certaine d&rsquo;installation.<\/p>\n<p class=\"p1\"><b>Limitations de responsabilit\u00e9<\/b><\/p>\n<p class=\"p2\">Les catalogues, tarifs et\/ou tout autre mat\u00e9riel promotionnel du Vendeur ne lient pas le Vendeur car ils ne fournissent qu&rsquo;une indication de la typologie des produits et des prix. Le Vendeur ne pourra donc \u00eatre tenu responsable d&rsquo;erreurs et\/ou omissions qu&rsquo;ils pourraient contenir.<\/p>\n<p class=\"p2\">En cas de responsabilit\u00e9 av\u00e9r\u00e9e du Vendeur \u00e0 l&rsquo;\u00e9gard des Produits en vertu des pr\u00e9sentes CGV, les demandes de l&rsquo;Acheteur seront limit\u00e9es, dans leur montant maximal, \u00e0 la valeur des produits faisant l&rsquo;objet de la contestation du DCC correspondant.<\/p>\n<p class=\"p1\"><b>Propri\u00e9t\u00e9 intellectuelle<\/b><\/p>\n<p class=\"p2\">L&rsquo;Acheteur reconna\u00eet express\u00e9ment que les marques, noms commerciaux et\/ou autres signes distinctifs appos\u00e9s sur les Produits sont la propri\u00e9t\u00e9 exclusive du Vendeur et ne peuvent \u00eatre alt\u00e9r\u00e9s, modifi\u00e9s, enlev\u00e9s et\/ou effac\u00e9s d&rsquo;aucune mani\u00e8re.<\/p>\n<p class=\"p2\">Le Vendeur a le droit limit\u00e9 d&rsquo;utiliser la marque, la d\u00e9nomination et\/ou tout autre signe distinctif incorpor\u00e9 dans le Produit dans le seul but de revendre et de commercialiser la marchandise aupr\u00e8s du public. Il est entendu qu&rsquo;une autorisation \u00e9crite pr\u00e9alable du Vendeur sera n\u00e9cessaire pour toute utilisation de la marque, de la d\u00e9nomination et\/ou du signe distinctif incorpor\u00e9 dans le Produit, qui restera de toute fa\u00e7on la propri\u00e9t\u00e9 exclusive du Vendeur.<\/p>\n<p class=\"p2\">Les documents, dessins, donn\u00e9es et\/ou informations relatives \u00e0 l&rsquo;utilisation et au savoir-faire du Produit objet de la commande (que ce soit sous forme papier ou sur support \u00e9lectronique) \u00e9ventuellement livr\u00e9s \u00e0 l&rsquo;Acheteur resteront la propri\u00e9t\u00e9 exclusive du Vendeur. Bien qu&rsquo;ils constituent un support pour une meilleure repr\u00e9sentation du Produit, ils doivent \u00eatre destin\u00e9s \u00e0 l&rsquo;Acheteur uniquement et consid\u00e9r\u00e9s comme contenant des informations purement indicatives sur les performances du Produit lui-m\u00eame.<span class=\"Apple-converted-space\">\u00a0<\/span><\/p>\n<p class=\"p2\">L&rsquo;Acheteur s&rsquo;engage \u00e0 ne pas reproduire ce qui est livr\u00e9 et transmis par le Vendeur concernant le Produit, \u00e0 ne pas divulguer ledit mat\u00e9riel et\/ou informations \u00e0 des tiers, ainsi qu&rsquo;\u00e0 prendre toutes les pr\u00e9cautions n\u00e9cessaires envers son personnel afin de garantir la protection de tous les droits de propri\u00e9t\u00e9 intellectuelle du Vendeur et de tout droit \u00e0 la confidentialit\u00e9 du mat\u00e9riel et des informations transmis.<\/p>\n<p class=\"p1\"><b>Loi applicable et tribunal comp\u00e9tent<\/b><\/p>\n<p class=\"p2\">Pour toute controverse d\u00e9coulant de la vente ou li\u00e9e \u00e0 celle-ci, le tribunal exclusivement comp\u00e9tent sera le Tribunal de Reggio Emilia, en Italie, et la loi applicable sera exclusivement la Loi Italienne, m\u00eame lorsque le paiement des fournitures est convenu par traites ou titres, et m\u00eame dans le cas o\u00f9 le lieu de conclusion ou d&rsquo;\u00e9mission de la commande ou du contrat est diff\u00e9rent du si\u00e8ge du Vendeur.<\/p>\n<p class=\"p1\"><b>Modification des Conditions de Vente<\/b><\/p>\n<p class=\"p2\">Le Vendeur se r\u00e9serve le droit de modifier, compl\u00e9ter ou varier les CGV, en joignant ces variations aux offres ou \u00e0 toute correspondance envoy\u00e9e par \u00e9crit \u00e0 l&rsquo;Acheteur.<\/p>\n<p>[\/vc_column_text][\/vc_column][\/vc_row]<\/p>\n<\/div>","protected":false},"excerpt":{"rendered":"<p>[vc_row][vc_column][vc_column_text] Dispositions g\u00e9n\u00e9rales Les pr\u00e9sentes Conditions G\u00e9n\u00e9rales de Vente (\u00ab\u00a0CGV\u00a0\u00bb) r\u00e9gissent toutes les ventes et livraisons des produits (\u00ab\u00a0Produits\u00a0\u00bb) par Atlantic Man. SRL (\u00ab\u00a0Vendeur\u00a0\u00bb) \u00e0 chaque<span class=\"excerpt-hellip\"> [\u2026]<\/span><\/p>\n","protected":false},"author":1,"featured_media":0,"parent":0,"menu_order":0,"comment_status":"closed","ping_status":"closed","template":"","meta":{"footnotes":""},"class_list":["post-169","page","type-page","status-publish","hentry"],"_links":{"self":[{"href":"https:\/\/atlanticgroup.it\/fr\/wp-json\/wp\/v2\/pages\/169","targetHints":{"allow":["GET"]}}],"collection":[{"href":"https:\/\/atlanticgroup.it\/fr\/wp-json\/wp\/v2\/pages"}],"about":[{"href":"https:\/\/atlanticgroup.it\/fr\/wp-json\/wp\/v2\/types\/page"}],"author":[{"embeddable":true,"href":"https:\/\/atlanticgroup.it\/fr\/wp-json\/wp\/v2\/users\/1"}],"replies":[{"embeddable":true,"href":"https:\/\/atlanticgroup.it\/fr\/wp-json\/wp\/v2\/comments?post=169"}],"version-history":[{"count":4,"href":"https:\/\/atlanticgroup.it\/fr\/wp-json\/wp\/v2\/pages\/169\/revisions"}],"predecessor-version":[{"id":200,"href":"https:\/\/atlanticgroup.it\/fr\/wp-json\/wp\/v2\/pages\/169\/revisions\/200"}],"wp:attachment":[{"href":"https:\/\/atlanticgroup.it\/fr\/wp-json\/wp\/v2\/media?parent=169"}],"curies":[{"name":"wp","href":"https:\/\/api.w.org\/{rel}","templated":true}]}}