{"id":195,"date":"2023-11-09T10:07:47","date_gmt":"2023-11-09T09:07:47","guid":{"rendered":"https:\/\/atlanticgroup.it\/recycling\/"},"modified":"2024-02-05T15:32:33","modified_gmt":"2024-02-05T14:32:33","slug":"recycling","status":"publish","type":"page","link":"https:\/\/atlanticgroup.it\/fr\/recycling\/","title":{"rendered":"Recycling"},"content":{"rendered":"<div class=\"wpb-content-wrapper\"><p>[vc_row][vc_column][vc_column_text]<\/p>\n<h1 style=\"text-align: center;\">Instructions pour le Traitement et le Recyclage<\/h1>\n<p class=\"p1\">Nous vous remercions d&rsquo;avoir choisi nos produits. Pour une gestion environnementale consciente, nous fournissons ci-dessous des instructions pour le bon traitement et recyclage de nos articles.<\/p>\n<p>[\/vc_column_text][\/vc_column][\/vc_row][vc_row][vc_column width=\u00a0\u00bb1\/2&Prime;][vc_single_image image=\u00a0\u00bb189&Prime; img_size=\u00a0\u00bbfull\u00a0\u00bb alignment=\u00a0\u00bbcenter\u00a0\u00bb][\/vc_column][vc_column width=\u00a0\u00bb1\/2&Prime;][vc_column_text]<\/p>\n<h2 class=\"p1\">Traitement et Recyclage des colliers de serrage<\/h2>\n<p class=\"p2\">\u00c0 la fin du cycle de vie du produit, il est recommand\u00e9 de proc\u00e9der au retrait de l&rsquo;ensemble de l&rsquo;application, en dirigeant toutes les composantes en acier vers un centre de collecte sp\u00e9cialis\u00e9, tel que des fonderies et des centres de d\u00e9molition. L&rsquo;acier est un mat\u00e9riau enti\u00e8rement recyclable, et son traitement appropri\u00e9 permet d&rsquo;optimiser la gestion des ressources et de b\u00e9n\u00e9ficier d&rsquo;un retour \u00e9conomique significatif.<\/p>\n<p>[\/vc_column_text][\/vc_column][\/vc_row][vc_row][vc_column width=\u00a0\u00bb1\/2&Prime;][vc_single_image image=\u00a0\u00bb192&Prime; img_size=\u00a0\u00bbfull\u00a0\u00bb alignment=\u00a0\u00bbcenter\u00a0\u00bb][\/vc_column][vc_column width=\u00a0\u00bb1\/2&Prime;][vc_column_text]<\/p>\n<h2 class=\"p1\">Traitement et Recyclage des syst\u00e8mes pour serres et p\u00e9pini\u00e8res<\/h2>\n<p class=\"p1\">\u00c0 la fin du cycle de vie du produit, nous vous encourageons \u00e0 nous contacter afin de permettre une \u00e9valuation du syst\u00e8me:<\/p>\n<ul class=\"ul1\">\n<li class=\"li2\"><span style=\"color: #333333;\">Si le syst\u00e8me est toujours op\u00e9rationnel et s\u00fbr pour l&rsquo;op\u00e9rateur, nous nous engageons \u00e0 le destiner \u00e0 des pays en voie de d\u00e9veloppement.<\/span><\/li>\n<li class=\"li2\"><span style=\"color: #333333;\">Si la machine a effectivement achev\u00e9 son cycle de vie, nous fournirons une assistance technique pour garantir le traitement appropri\u00e9 des diff\u00e9rentes composantes.<\/span><\/li>\n<\/ul>\n<p>[\/vc_column_text][\/vc_column][\/vc_row][vc_row][vc_column][vc_column_text]<\/p>\n<h2>Traitement et Recyclage des emballages<\/h2>\n<p>[\/vc_column_text][vc_single_image image=\u00a0\u00bb209&Prime; img_size=\u00a0\u00bbfull\u00a0\u00bb alignment=\u00a0\u00bbcenter\u00a0\u00bb css=\u00a0\u00bb.vc_custom_1707143548759{margin-bottom: 0px !important;}\u00a0\u00bb][vc_column_text]<\/p>\n<h5 class=\"p1\"><strong>Veuillez suivre scrupuleusement les proc\u00e9dures indiqu\u00e9es pour garantir un processus de traitement s\u00fbr et respectueux de l&rsquo;environnement.<\/strong><\/h5>\n<p>[\/vc_column_text][\/vc_column][\/vc_row]<\/p>\n<\/div>","protected":false},"excerpt":{"rendered":"<p>[vc_row][vc_column][vc_column_text] Instructions pour le Traitement et le Recyclage Nous vous remercions d&rsquo;avoir choisi nos produits. Pour une gestion environnementale consciente, nous fournissons ci-dessous des instructions pour<span class=\"excerpt-hellip\"> [\u2026]<\/span><\/p>\n","protected":false},"author":1,"featured_media":0,"parent":0,"menu_order":0,"comment_status":"closed","ping_status":"closed","template":"","meta":{"footnotes":""},"class_list":["post-195","page","type-page","status-publish","hentry"],"_links":{"self":[{"href":"https:\/\/atlanticgroup.it\/fr\/wp-json\/wp\/v2\/pages\/195","targetHints":{"allow":["GET"]}}],"collection":[{"href":"https:\/\/atlanticgroup.it\/fr\/wp-json\/wp\/v2\/pages"}],"about":[{"href":"https:\/\/atlanticgroup.it\/fr\/wp-json\/wp\/v2\/types\/page"}],"author":[{"embeddable":true,"href":"https:\/\/atlanticgroup.it\/fr\/wp-json\/wp\/v2\/users\/1"}],"replies":[{"embeddable":true,"href":"https:\/\/atlanticgroup.it\/fr\/wp-json\/wp\/v2\/comments?post=195"}],"version-history":[{"count":4,"href":"https:\/\/atlanticgroup.it\/fr\/wp-json\/wp\/v2\/pages\/195\/revisions"}],"predecessor-version":[{"id":212,"href":"https:\/\/atlanticgroup.it\/fr\/wp-json\/wp\/v2\/pages\/195\/revisions\/212"}],"wp:attachment":[{"href":"https:\/\/atlanticgroup.it\/fr\/wp-json\/wp\/v2\/media?parent=195"}],"curies":[{"name":"wp","href":"https:\/\/api.w.org\/{rel}","templated":true}]}}